{"id":2,"date":"2021-10-08T10:14:19","date_gmt":"2021-10-08T10:14:19","guid":{"rendered":"http:\/\/inspired-anew.its4test.com\/rs\/?page_id=2"},"modified":"2023-10-18T13:39:10","modified_gmt":"2023-10-18T13:39:10","slug":"sample-page","status":"publish","type":"page","link":"http:\/\/inspired-anew.its4test.com\/rs\/","title":{"rendered":"INSPIRE &#8211; Happiness at work"},"content":{"rendered":"\t\t<div data-elementor-type=\"wp-page\" data-elementor-id=\"2\" class=\"elementor elementor-2\">\n\t\t\t\t\t\t\t\t\t<section class=\"elementor-section elementor-top-section elementor-element elementor-element-6fcbf9b elementor-section-full_width big-title elementor-section-height-default elementor-section-height-default elementor-invisible\" data-id=\"6fcbf9b\" data-element_type=\"section\" data-settings=\"{&quot;background_background&quot;:&quot;classic&quot;,&quot;animation&quot;:&quot;fadeIn&quot;}\">\n\t\t\t\t\t\t<div class=\"elementor-container elementor-column-gap-default\">\n\t\t\t\t\t<div class=\"elementor-column elementor-col-100 elementor-top-column elementor-element elementor-element-c3a4324\" data-id=\"c3a4324\" data-element_type=\"column\">\n\t\t\t<div class=\"elementor-widget-wrap elementor-element-populated\">\n\t\t\t\t\t\t\t\t<div class=\"elementor-element elementor-element-3a76bc6 elementor-widget elementor-widget-text-editor\" data-id=\"3a76bc6\" data-element_type=\"widget\" data-widget_type=\"text-editor.default\">\n\t\t\t\t<div class=\"elementor-widget-container\">\n\t\t\t<style>\/*! elementor - v3.16.0 - 17-10-2023 *\/\n.elementor-widget-text-editor.elementor-drop-cap-view-stacked .elementor-drop-cap{background-color:#69727d;color:#fff}.elementor-widget-text-editor.elementor-drop-cap-view-framed .elementor-drop-cap{color:#69727d;border:3px solid;background-color:transparent}.elementor-widget-text-editor:not(.elementor-drop-cap-view-default) .elementor-drop-cap{margin-top:8px}.elementor-widget-text-editor:not(.elementor-drop-cap-view-default) .elementor-drop-cap-letter{width:1em;height:1em}.elementor-widget-text-editor .elementor-drop-cap{float:left;text-align:center;line-height:1;font-size:50px}.elementor-widget-text-editor .elementor-drop-cap-letter{display:inline-block}<\/style>\t\t\t\t<h1><h1>INSPIRE je framework kojim otkrivate unutra\u0161nje, skrivene motivatore osobe<\/h1><\/h1>\t\t\t\t\t\t<\/div>\n\t\t\t\t<\/div>\n\t\t\t\t\t<\/div>\n\t\t<\/div>\n\t\t\t\t\t\t\t<\/div>\n\t\t<\/section>\n\t\t\t\t<section class=\"elementor-section elementor-top-section elementor-element elementor-element-10e498e elementor-section-full_width elementor-section-height-default elementor-section-height-default elementor-invisible\" data-id=\"10e498e\" data-element_type=\"section\" data-settings=\"{&quot;animation&quot;:&quot;fadeIn&quot;}\">\n\t\t\t\t\t\t<div class=\"elementor-container elementor-column-gap-default\">\n\t\t\t\t\t<div class=\"elementor-column elementor-col-100 elementor-top-column elementor-element elementor-element-a7c339f\" data-id=\"a7c339f\" data-element_type=\"column\">\n\t\t\t<div class=\"elementor-widget-wrap elementor-element-populated\">\n\t\t\t\t\t\t\t\t<section class=\"elementor-section elementor-inner-section elementor-element elementor-element-5c3908e elementor-section-boxed elementor-section-height-default elementor-section-height-default\" data-id=\"5c3908e\" data-element_type=\"section\">\n\t\t\t\t\t\t<div class=\"elementor-container elementor-column-gap-default\">\n\t\t\t\t\t<div class=\"elementor-column elementor-col-33 elementor-inner-column elementor-element elementor-element-e1639c6\" data-id=\"e1639c6\" data-element_type=\"column\">\n\t\t\t<div class=\"elementor-widget-wrap elementor-element-populated\">\n\t\t\t\t\t\t\t\t<div class=\"elementor-element elementor-element-fe60e66 elementor-position-top elementor-widget elementor-widget-image-box\" data-id=\"fe60e66\" data-element_type=\"widget\" data-widget_type=\"image-box.default\">\n\t\t\t\t<div class=\"elementor-widget-container\">\n\t\t\t<style>\/*! elementor - v3.16.0 - 17-10-2023 *\/\n.elementor-widget-image-box .elementor-image-box-content{width:100%}@media (min-width:768px){.elementor-widget-image-box.elementor-position-left .elementor-image-box-wrapper,.elementor-widget-image-box.elementor-position-right .elementor-image-box-wrapper{display:flex}.elementor-widget-image-box.elementor-position-right .elementor-image-box-wrapper{text-align:right;flex-direction:row-reverse}.elementor-widget-image-box.elementor-position-left .elementor-image-box-wrapper{text-align:left;flex-direction:row}.elementor-widget-image-box.elementor-position-top .elementor-image-box-img{margin:auto}.elementor-widget-image-box.elementor-vertical-align-top .elementor-image-box-wrapper{align-items:flex-start}.elementor-widget-image-box.elementor-vertical-align-middle .elementor-image-box-wrapper{align-items:center}.elementor-widget-image-box.elementor-vertical-align-bottom .elementor-image-box-wrapper{align-items:flex-end}}@media (max-width:767px){.elementor-widget-image-box .elementor-image-box-img{margin-left:auto!important;margin-right:auto!important;margin-bottom:15px}}.elementor-widget-image-box .elementor-image-box-img{display:inline-block}.elementor-widget-image-box .elementor-image-box-title a{color:inherit}.elementor-widget-image-box .elementor-image-box-wrapper{text-align:center}.elementor-widget-image-box .elementor-image-box-description{margin:0}<\/style><div class=\"elementor-image-box-wrapper\"><figure class=\"elementor-image-box-img\"><img decoding=\"async\" width=\"285\" height=\"285\" src=\"http:\/\/inspired-anew.its4test.com\/rs\/wp-content\/uploads\/sites\/4\/2021\/11\/action.png\" class=\"attachment-full size-full wp-image-108\" alt=\"\" loading=\"lazy\" srcset=\"http:\/\/inspired-anew.its4test.com\/rs\/wp-content\/uploads\/sites\/4\/2021\/11\/action.png 285w, http:\/\/inspired-anew.its4test.com\/rs\/wp-content\/uploads\/sites\/4\/2021\/11\/action-150x150.png 150w, http:\/\/inspired-anew.its4test.com\/rs\/wp-content\/uploads\/sites\/4\/2021\/11\/action-71x71.png 71w, http:\/\/inspired-anew.its4test.com\/rs\/wp-content\/uploads\/sites\/4\/2021\/11\/action-165x165.png 165w\" sizes=\"(max-width: 285px) 100vw, 285px\" \/><\/figure><div class=\"elementor-image-box-content\"><h3 class=\"elementor-image-box-title\">HR<\/h3><p class=\"elementor-image-box-description\">Procena koliko su kompetencije osobe odgovaraju\u0107e za posao koji obavlja,<br\/>\nSmernice za mentorstvo i podu\u010davanje,<br\/>\nPersonalizovani razvoj karijere i planiranje obuke<\/p><\/div><\/div>\t\t<\/div>\n\t\t\t\t<\/div>\n\t\t\t\t\t<\/div>\n\t\t<\/div>\n\t\t\t\t<div class=\"elementor-column elementor-col-33 elementor-inner-column elementor-element elementor-element-52f327d\" data-id=\"52f327d\" data-element_type=\"column\">\n\t\t\t<div class=\"elementor-widget-wrap elementor-element-populated\">\n\t\t\t\t\t\t\t\t<div class=\"elementor-element elementor-element-63400ac elementor-position-top elementor-widget elementor-widget-image-box\" data-id=\"63400ac\" data-element_type=\"widget\" data-widget_type=\"image-box.default\">\n\t\t\t\t<div class=\"elementor-widget-container\">\n\t\t\t<div class=\"elementor-image-box-wrapper\"><figure class=\"elementor-image-box-img\"><img decoding=\"async\" width=\"285\" height=\"285\" src=\"http:\/\/inspired-anew.its4test.com\/rs\/wp-content\/uploads\/sites\/4\/2021\/11\/racunar.png\" class=\"attachment-full size-full wp-image-111\" alt=\"\" loading=\"lazy\" srcset=\"http:\/\/inspired-anew.its4test.com\/rs\/wp-content\/uploads\/sites\/4\/2021\/11\/racunar.png 285w, http:\/\/inspired-anew.its4test.com\/rs\/wp-content\/uploads\/sites\/4\/2021\/11\/racunar-150x150.png 150w, http:\/\/inspired-anew.its4test.com\/rs\/wp-content\/uploads\/sites\/4\/2021\/11\/racunar-71x71.png 71w, http:\/\/inspired-anew.its4test.com\/rs\/wp-content\/uploads\/sites\/4\/2021\/11\/racunar-165x165.png 165w\" sizes=\"(max-width: 285px) 100vw, 285px\" \/><\/figure><div class=\"elementor-image-box-content\"><h3 class=\"elementor-image-box-title\">TIMOVI<\/h3><p class=\"elementor-image-box-description\">Re\u0161enje za povec\u0301anje anga\u017eovanja i efikasnosti,<br\/>\nSastavljanje elitnih timova<br\/>\nNavigator za pristup menad\u017ementu i liderstvu<\/p><\/div><\/div>\t\t<\/div>\n\t\t\t\t<\/div>\n\t\t\t\t\t<\/div>\n\t\t<\/div>\n\t\t\t\t<div class=\"elementor-column elementor-col-33 elementor-inner-column elementor-element elementor-element-15efa40\" data-id=\"15efa40\" data-element_type=\"column\">\n\t\t\t<div class=\"elementor-widget-wrap elementor-element-populated\">\n\t\t\t\t\t\t\t\t<div class=\"elementor-element elementor-element-4168293 elementor-position-top elementor-widget elementor-widget-image-box\" data-id=\"4168293\" data-element_type=\"widget\" data-widget_type=\"image-box.default\">\n\t\t\t\t<div class=\"elementor-widget-container\">\n\t\t\t<div class=\"elementor-image-box-wrapper\"><figure class=\"elementor-image-box-img\"><img decoding=\"async\" width=\"285\" height=\"285\" src=\"http:\/\/inspired-anew.its4test.com\/rs\/wp-content\/uploads\/sites\/4\/2021\/11\/comment-buuble.png\" class=\"attachment-full size-full wp-image-109\" alt=\"\" loading=\"lazy\" srcset=\"http:\/\/inspired-anew.its4test.com\/rs\/wp-content\/uploads\/sites\/4\/2021\/11\/comment-buuble.png 285w, http:\/\/inspired-anew.its4test.com\/rs\/wp-content\/uploads\/sites\/4\/2021\/11\/comment-buuble-150x150.png 150w, http:\/\/inspired-anew.its4test.com\/rs\/wp-content\/uploads\/sites\/4\/2021\/11\/comment-buuble-71x71.png 71w, http:\/\/inspired-anew.its4test.com\/rs\/wp-content\/uploads\/sites\/4\/2021\/11\/comment-buuble-165x165.png 165w\" sizes=\"(max-width: 285px) 100vw, 285px\" \/><\/figure><div class=\"elementor-image-box-content\"><h3 class=\"elementor-image-box-title\">KOMUNIKACIJA<\/h3><p class=\"elementor-image-box-description\">Otkrijte formulu za najbolju internu komunikaciju,<br\/>\nSpre\u010davanje i re\u0161avanje konflikata,<br\/>\nEfikasna strategija komunikacije u prodaji<\/p><\/div><\/div>\t\t<\/div>\n\t\t\t\t<\/div>\n\t\t\t\t\t<\/div>\n\t\t<\/div>\n\t\t\t\t\t\t\t<\/div>\n\t\t<\/section>\n\t\t\t\t\t<\/div>\n\t\t<\/div>\n\t\t\t\t\t\t\t<\/div>\n\t\t<\/section>\n\t\t\t\t<section class=\"elementor-section elementor-top-section elementor-element elementor-element-9277280 elementor-section-full_width big-title elementor-section-height-default elementor-section-height-default elementor-invisible\" data-id=\"9277280\" data-element_type=\"section\" data-settings=\"{&quot;background_background&quot;:&quot;classic&quot;,&quot;animation&quot;:&quot;fadeIn&quot;}\">\n\t\t\t\t\t\t<div class=\"elementor-container elementor-column-gap-default\">\n\t\t\t\t\t<div class=\"elementor-column elementor-col-100 elementor-top-column elementor-element elementor-element-f6a0289\" data-id=\"f6a0289\" data-element_type=\"column\">\n\t\t\t<div class=\"elementor-widget-wrap elementor-element-populated\">\n\t\t\t\t\t\t\t\t<div class=\"elementor-element elementor-element-57525e6 elementor-widget elementor-widget-heading\" data-id=\"57525e6\" data-element_type=\"widget\" data-widget_type=\"heading.default\">\n\t\t\t\t<div class=\"elementor-widget-container\">\n\t\t\t<style>\/*! elementor - v3.16.0 - 17-10-2023 *\/\n.elementor-heading-title{padding:0;margin:0;line-height:1}.elementor-widget-heading .elementor-heading-title[class*=elementor-size-]>a{color:inherit;font-size:inherit;line-height:inherit}.elementor-widget-heading .elementor-heading-title.elementor-size-small{font-size:15px}.elementor-widget-heading .elementor-heading-title.elementor-size-medium{font-size:19px}.elementor-widget-heading .elementor-heading-title.elementor-size-large{font-size:29px}.elementor-widget-heading .elementor-heading-title.elementor-size-xl{font-size:39px}.elementor-widget-heading .elementor-heading-title.elementor-size-xxl{font-size:59px}<\/style><h1 class=\"elementor-heading-title elementor-size-default\">INSPIRE je namenjen HR menad\u017eerima, vlasnicima kompanija i donosiocima odluka<\/h1>\t\t<\/div>\n\t\t\t\t<\/div>\n\t\t\t\t\t<\/div>\n\t\t<\/div>\n\t\t\t\t\t\t\t<\/div>\n\t\t<\/section>\n\t\t\t\t<section class=\"elementor-section elementor-top-section elementor-element elementor-element-7b41d75 elementor-section-full_width menadzeri-box elementor-section-height-default elementor-section-height-default elementor-invisible\" data-id=\"7b41d75\" data-element_type=\"section\" data-settings=\"{&quot;animation&quot;:&quot;fadeIn&quot;}\">\n\t\t\t\t\t\t<div class=\"elementor-container elementor-column-gap-default\">\n\t\t\t\t\t<div class=\"elementor-column elementor-col-100 elementor-top-column elementor-element elementor-element-f517ad1\" data-id=\"f517ad1\" data-element_type=\"column\">\n\t\t\t<div class=\"elementor-widget-wrap elementor-element-populated\">\n\t\t\t\t\t\t\t\t<section class=\"elementor-section elementor-inner-section elementor-element elementor-element-1f14872 elementor-section-boxed elementor-section-height-default elementor-section-height-default\" data-id=\"1f14872\" data-element_type=\"section\">\n\t\t\t\t\t\t<div class=\"elementor-container elementor-column-gap-default\">\n\t\t\t\t\t<div class=\"elementor-column elementor-col-33 elementor-inner-column elementor-element elementor-element-3a193ba\" data-id=\"3a193ba\" data-element_type=\"column\">\n\t\t\t<div class=\"elementor-widget-wrap elementor-element-populated\">\n\t\t\t\t\t\t\t\t<div class=\"elementor-element elementor-element-cd5ac2f elementor-widget elementor-widget-text-editor\" data-id=\"cd5ac2f\" data-element_type=\"widget\" data-widget_type=\"text-editor.default\">\n\t\t\t\t<div class=\"elementor-widget-container\">\n\t\t\t\t\t\t\t<h2 class=\"section-title\" style=\"text-align: center;\">HR MENAD\u017dERI<\/h2>\n<p style=\"text-align: center;\">Razvoj karijere prema karakteristikama pojedinca, usmeren plan treninga,\npregled klju\u010dnih kompetencija osobe<\/p>\n<p style=\"text-align: center;\"><a href=\".\/hr-menadzeri\/\">Kliknite ovde za vi\u0161e detalja<\/a><\/p>\t\t\t\t\t\t<\/div>\n\t\t\t\t<\/div>\n\t\t\t\t\t<\/div>\n\t\t<\/div>\n\t\t\t\t<div class=\"elementor-column elementor-col-33 elementor-inner-column elementor-element elementor-element-5be111a\" data-id=\"5be111a\" data-element_type=\"column\">\n\t\t\t<div class=\"elementor-widget-wrap elementor-element-populated\">\n\t\t\t\t\t\t\t\t<div class=\"elementor-element elementor-element-4d6a45f elementor-widget elementor-widget-text-editor\" data-id=\"4d6a45f\" data-element_type=\"widget\" data-widget_type=\"text-editor.default\">\n\t\t\t\t<div class=\"elementor-widget-container\">\n\t\t\t\t\t\t\t<h2 class=\"section-title\" style=\"text-align: center;\">VLASNICI FIRMI<\/h2>\n<p style=\"text-align: center;\">Otkrivanje specifi\u010dnih motivatora kod pojedinaca za stvaranje dugoro\u010dno uspe\u0161nih kompanija<\/p>\n<p style=\"text-align: center;\"><a href=\".\/vlasnici-firmi\/\">Kliknite ovde za vi\u0161e detalja<\/a><\/p>\t\t\t\t\t\t<\/div>\n\t\t\t\t<\/div>\n\t\t\t\t\t<\/div>\n\t\t<\/div>\n\t\t\t\t<div class=\"elementor-column elementor-col-33 elementor-inner-column elementor-element elementor-element-8f01be0\" data-id=\"8f01be0\" data-element_type=\"column\">\n\t\t\t<div class=\"elementor-widget-wrap elementor-element-populated\">\n\t\t\t\t\t\t\t\t<div class=\"elementor-element elementor-element-44b3f70 elementor-widget elementor-widget-text-editor\" data-id=\"44b3f70\" data-element_type=\"widget\" data-widget_type=\"text-editor.default\">\n\t\t\t\t<div class=\"elementor-widget-container\">\n\t\t\t\t\t\t\t<h2 class=\"section-title\" style=\"text-align: center;\">Menad\u017eeri<\/h2>\n<p class=\"section-title\" style=\"text-align: center;\">Gra\u0111enje kompatibilnih, samostalnih i uspe\u0161nih timova<\/p>\n<p style=\"text-align: center;\"><a href=\".\/menadzeri\/\">Kliknite ovde za vi\u0161e detalja<\/a><\/p>\t\t\t\t\t\t<\/div>\n\t\t\t\t<\/div>\n\t\t\t\t\t<\/div>\n\t\t<\/div>\n\t\t\t\t\t\t\t<\/div>\n\t\t<\/section>\n\t\t\t\t\t<\/div>\n\t\t<\/div>\n\t\t\t\t\t\t\t<\/div>\n\t\t<\/section>\n\t\t\t\t\t\t\t<\/div>\n\t\t","protected":false},"excerpt":{"rendered":"<p>INSPIRE je framework kojim otkrivate unutra\u0161nje, skrivene motivatore osobe HR Procena koliko su kompetencije osobe odgovaraju\u0107e za posao koji obavlja, Smernice za mentorstvo i podu\u010davanje, Personalizovani razvoj karijere i planiranje obuke TIMOVI Re\u0161enje za povec\u0301anje anga\u017eovanja i efikasnosti, Sastavljanje elitnih timova Navigator za pristup menad\u017ementu i liderstvu KOMUNIKACIJA Otkrijte formulu za najbolju internu komunikaciju, Spre\u010davanje [&hellip;]<\/p>\n","protected":false},"author":1,"featured_media":0,"parent":0,"menu_order":0,"comment_status":"closed","ping_status":"open","template":"template-parts\/homepage.php","meta":[],"acf":[],"_links":{"self":[{"href":"http:\/\/inspired-anew.its4test.com\/rs\/wp-json\/wp\/v2\/pages\/2"}],"collection":[{"href":"http:\/\/inspired-anew.its4test.com\/rs\/wp-json\/wp\/v2\/pages"}],"about":[{"href":"http:\/\/inspired-anew.its4test.com\/rs\/wp-json\/wp\/v2\/types\/page"}],"author":[{"embeddable":true,"href":"http:\/\/inspired-anew.its4test.com\/rs\/wp-json\/wp\/v2\/users\/1"}],"replies":[{"embeddable":true,"href":"http:\/\/inspired-anew.its4test.com\/rs\/wp-json\/wp\/v2\/comments?post=2"}],"version-history":[{"count":78,"href":"http:\/\/inspired-anew.its4test.com\/rs\/wp-json\/wp\/v2\/pages\/2\/revisions"}],"predecessor-version":[{"id":651,"href":"http:\/\/inspired-anew.its4test.com\/rs\/wp-json\/wp\/v2\/pages\/2\/revisions\/651"}],"wp:attachment":[{"href":"http:\/\/inspired-anew.its4test.com\/rs\/wp-json\/wp\/v2\/media?parent=2"}],"curies":[{"name":"wp","href":"https:\/\/api.w.org\/{rel}","templated":true}]}}